{"id":248,"date":"2019-01-31T14:49:47","date_gmt":"2019-01-31T13:49:47","guid":{"rendered":"http:\/\/www.mb-consultancy.eu\/?page_id=248"},"modified":"2019-02-22T13:55:21","modified_gmt":"2019-02-22T12:55:21","slug":"partner","status":"publish","type":"page","link":"https:\/\/www.mb-consultancy.eu\/de\/partner\/","title":{"rendered":"Partner"},"content":{"rendered":"\n<p>MB-Consultancy arbeitet national und international f\u00fcr die\nWirtschaft, speziell in den gro\u00dfen Metall- und kleinen Metall-Branche. Mit eine\nReihe von Partnern arbeiten oder arbeiteten wir f\u00fcr l\u00e4ngere Zeit zusammen. F\u00fcr Referenzen\nwenden Sie sich bitte an MB-Consultancy.<\/p>\n\n\n\n<p><strong>TECO Tube Expanders Company Leiderdorp<br> <\/strong><a href=\"http:\/\/www.tecotubeexpanders.com\" target=\"_blank\" rel=\"noreferrer noopener\" aria-label=\" (opent in een nieuwe tab)\">www.tecotubeexpanders.com<\/a><br> Spezialist von Anlagen f\u00fcr den W\u00e4rmetauscherindustrie. Hersteller von TECO &nbsp;Rohrwalzen, Reiniger und Zubeh\u00f6r f\u00fcr Herstellung und Reparatur von Heizkesseln, Kondensatoren und W\u00e4rmeaustauscher.<\/p>\n","protected":false},"excerpt":{"rendered":"<p>MB-Consultancy arbeitet national und international f\u00fcr die Wirtschaft, speziell in den gro\u00dfen Metall- und kleinen Metall-Branche. Mit eine Reihe von Partnern arbeiten oder arbeiteten wir f\u00fcr l\u00e4ngere Zeit zusammen. F\u00fcr Referenzen wenden Sie sich bitte an MB-Consultancy. TECO Tube Expanders Company Leiderdorp www.tecotubeexpanders.com Spezialist von Anlagen f\u00fcr den W\u00e4rmetauscherindustrie. Hersteller von TECO &nbsp;Rohrwalzen, Reiniger und [&hellip;]<\/p>\n","protected":false},"author":1,"featured_media":0,"parent":0,"menu_order":0,"comment_status":"closed","ping_status":"closed","template":"","meta":{"_acf_changed":false,"footnotes":""},"class_list":["post-248","page","type-page","status-publish","hentry"],"acf":[],"yoast_head":"<!-- This site is optimized with the Yoast SEO plugin v27.5 - https:\/\/yoast.com\/product\/yoast-seo-wordpress\/ -->\n<title>Partner - MB Consultancy<\/title>\n<meta name=\"robots\" content=\"index, follow, max-snippet:-1, max-image-preview:large, max-video-preview:-1\" \/>\n<link rel=\"canonical\" href=\"https:\/\/www.mb-consultancy.eu\/de\/partner\/\" \/>\n<meta property=\"og:locale\" content=\"de_DE\" \/>\n<meta property=\"og:type\" content=\"article\" \/>\n<meta property=\"og:title\" content=\"Partner - MB Consultancy\" \/>\n<meta property=\"og:description\" content=\"MB-Consultancy arbeitet national und international f\u00fcr die Wirtschaft, speziell in den gro\u00dfen Metall- und kleinen Metall-Branche. Mit eine Reihe von Partnern arbeiten oder arbeiteten wir f\u00fcr l\u00e4ngere Zeit zusammen. F\u00fcr Referenzen wenden Sie sich bitte an MB-Consultancy. TECO Tube Expanders Company Leiderdorp www.tecotubeexpanders.com Spezialist von Anlagen f\u00fcr den W\u00e4rmetauscherindustrie. Hersteller von TECO &nbsp;Rohrwalzen, Reiniger und [&hellip;]\" \/>\n<meta property=\"og:url\" content=\"https:\/\/www.mb-consultancy.eu\/de\/partner\/\" \/>\n<meta property=\"og:site_name\" content=\"MB Consultancy\" \/>\n<meta property=\"article:modified_time\" content=\"2019-02-22T12:55:21+00:00\" \/>\n<script type=\"application\/ld+json\" class=\"yoast-schema-graph\">{\"@context\":\"https:\\\/\\\/schema.org\",\"@graph\":[{\"@type\":\"WebPage\",\"@id\":\"https:\\\/\\\/www.mb-consultancy.eu\\\/de\\\/partner\\\/\",\"url\":\"https:\\\/\\\/www.mb-consultancy.eu\\\/de\\\/partner\\\/\",\"name\":\"Partner - MB Consultancy\",\"isPartOf\":{\"@id\":\"https:\\\/\\\/www.mb-consultancy.eu\\\/#website\"},\"datePublished\":\"2019-01-31T13:49:47+00:00\",\"dateModified\":\"2019-02-22T12:55:21+00:00\",\"breadcrumb\":{\"@id\":\"https:\\\/\\\/www.mb-consultancy.eu\\\/de\\\/partner\\\/#breadcrumb\"},\"inLanguage\":\"de\",\"potentialAction\":[{\"@type\":\"ReadAction\",\"target\":[\"https:\\\/\\\/www.mb-consultancy.eu\\\/de\\\/partner\\\/\"]}]},{\"@type\":\"BreadcrumbList\",\"@id\":\"https:\\\/\\\/www.mb-consultancy.eu\\\/de\\\/partner\\\/#breadcrumb\",\"itemListElement\":[{\"@type\":\"ListItem\",\"position\":1,\"name\":\"Home\",\"item\":\"https:\\\/\\\/www.mb-consultancy.eu\\\/de\\\/\"},{\"@type\":\"ListItem\",\"position\":2,\"name\":\"Partner\"}]},{\"@type\":\"WebSite\",\"@id\":\"https:\\\/\\\/www.mb-consultancy.eu\\\/#website\",\"url\":\"https:\\\/\\\/www.mb-consultancy.eu\\\/\",\"name\":\"MB Consultancy\",\"description\":\"MB Consultancy\",\"potentialAction\":[{\"@type\":\"SearchAction\",\"target\":{\"@type\":\"EntryPoint\",\"urlTemplate\":\"https:\\\/\\\/www.mb-consultancy.eu\\\/?s={search_term_string}\"},\"query-input\":{\"@type\":\"PropertyValueSpecification\",\"valueRequired\":true,\"valueName\":\"search_term_string\"}}],\"inLanguage\":\"de\"}]}<\/script>\n<!-- \/ Yoast SEO plugin. -->","yoast_head_json":{"title":"Partner - MB Consultancy","robots":{"index":"index","follow":"follow","max-snippet":"max-snippet:-1","max-image-preview":"max-image-preview:large","max-video-preview":"max-video-preview:-1"},"canonical":"https:\/\/www.mb-consultancy.eu\/de\/partner\/","og_locale":"de_DE","og_type":"article","og_title":"Partner - MB Consultancy","og_description":"MB-Consultancy arbeitet national und international f\u00fcr die Wirtschaft, speziell in den gro\u00dfen Metall- und kleinen Metall-Branche. Mit eine Reihe von Partnern arbeiten oder arbeiteten wir f\u00fcr l\u00e4ngere Zeit zusammen. F\u00fcr Referenzen wenden Sie sich bitte an MB-Consultancy. TECO Tube Expanders Company Leiderdorp www.tecotubeexpanders.com Spezialist von Anlagen f\u00fcr den W\u00e4rmetauscherindustrie. Hersteller von TECO &nbsp;Rohrwalzen, Reiniger und [&hellip;]","og_url":"https:\/\/www.mb-consultancy.eu\/de\/partner\/","og_site_name":"MB Consultancy","article_modified_time":"2019-02-22T12:55:21+00:00","schema":{"@context":"https:\/\/schema.org","@graph":[{"@type":"WebPage","@id":"https:\/\/www.mb-consultancy.eu\/de\/partner\/","url":"https:\/\/www.mb-consultancy.eu\/de\/partner\/","name":"Partner - MB Consultancy","isPartOf":{"@id":"https:\/\/www.mb-consultancy.eu\/#website"},"datePublished":"2019-01-31T13:49:47+00:00","dateModified":"2019-02-22T12:55:21+00:00","breadcrumb":{"@id":"https:\/\/www.mb-consultancy.eu\/de\/partner\/#breadcrumb"},"inLanguage":"de","potentialAction":[{"@type":"ReadAction","target":["https:\/\/www.mb-consultancy.eu\/de\/partner\/"]}]},{"@type":"BreadcrumbList","@id":"https:\/\/www.mb-consultancy.eu\/de\/partner\/#breadcrumb","itemListElement":[{"@type":"ListItem","position":1,"name":"Home","item":"https:\/\/www.mb-consultancy.eu\/de\/"},{"@type":"ListItem","position":2,"name":"Partner"}]},{"@type":"WebSite","@id":"https:\/\/www.mb-consultancy.eu\/#website","url":"https:\/\/www.mb-consultancy.eu\/","name":"MB Consultancy","description":"MB Consultancy","potentialAction":[{"@type":"SearchAction","target":{"@type":"EntryPoint","urlTemplate":"https:\/\/www.mb-consultancy.eu\/?s={search_term_string}"},"query-input":{"@type":"PropertyValueSpecification","valueRequired":true,"valueName":"search_term_string"}}],"inLanguage":"de"}]}},"_links":{"self":[{"href":"https:\/\/www.mb-consultancy.eu\/de\/wp-json\/wp\/v2\/pages\/248","targetHints":{"allow":["GET"]}}],"collection":[{"href":"https:\/\/www.mb-consultancy.eu\/de\/wp-json\/wp\/v2\/pages"}],"about":[{"href":"https:\/\/www.mb-consultancy.eu\/de\/wp-json\/wp\/v2\/types\/page"}],"author":[{"embeddable":true,"href":"https:\/\/www.mb-consultancy.eu\/de\/wp-json\/wp\/v2\/users\/1"}],"replies":[{"embeddable":true,"href":"https:\/\/www.mb-consultancy.eu\/de\/wp-json\/wp\/v2\/comments?post=248"}],"version-history":[{"count":3,"href":"https:\/\/www.mb-consultancy.eu\/de\/wp-json\/wp\/v2\/pages\/248\/revisions"}],"predecessor-version":[{"id":351,"href":"https:\/\/www.mb-consultancy.eu\/de\/wp-json\/wp\/v2\/pages\/248\/revisions\/351"}],"wp:attachment":[{"href":"https:\/\/www.mb-consultancy.eu\/de\/wp-json\/wp\/v2\/media?parent=248"}],"curies":[{"name":"wp","href":"https:\/\/api.w.org\/{rel}","templated":true}]}}