{"id":250,"date":"2019-01-31T14:50:21","date_gmt":"2019-01-31T13:50:21","guid":{"rendered":"http:\/\/www.mb-consultancy.eu\/?page_id=250"},"modified":"2019-02-07T16:10:20","modified_gmt":"2019-02-07T15:10:20","slug":"marinus-broekhuizen","status":"publish","type":"page","link":"https:\/\/www.mb-consultancy.eu\/de\/marinus-broekhuizen\/","title":{"rendered":"Marinus Broekhuizen"},"content":{"rendered":"\n<p>Im Jahr 2008 hat Marinus Broekhuizen, Inhaber von MB-Consultancy,\nden Schritt in seine Arbeit aufgenommen unabh\u00e4ngig weiter zu gehen. Seine\nAusbildung (HEAO kommerzielle Wirtschaft) und seine langj\u00e4hrige Erfahrung in\nden Bereichen Marketing, Vertrieb, Einkauf und Logistik bilden das solide\nFundament von MB-Consultancy.<\/p>\n\n\n\n<p>Marinus Broekhuizen ist erfahren, flexibel, innovativ und\nehrgeizig. Er hat ein strategisches Denken, gute Verhandlungs- und\nBeratungskompetenz und gro\u00dfes Einf\u00fchlungsverm\u00f6gen. Marinus stellt der Kunde zentral.\nMit seiner Expertise kann er auch kundenspezifische Business-L\u00f6sungen f\u00fcr\nKunden \u00fcbersetzen.<\/p>\n","protected":false},"excerpt":{"rendered":"<p>Im Jahr 2008 hat Marinus Broekhuizen, Inhaber von MB-Consultancy, den Schritt in seine Arbeit aufgenommen unabh\u00e4ngig weiter zu gehen. Seine Ausbildung (HEAO kommerzielle Wirtschaft) und seine langj\u00e4hrige Erfahrung in den Bereichen Marketing, Vertrieb, Einkauf und Logistik bilden das solide Fundament von MB-Consultancy. Marinus Broekhuizen ist erfahren, flexibel, innovativ und ehrgeizig. Er hat ein strategisches Denken, [&hellip;]<\/p>\n","protected":false},"author":1,"featured_media":278,"parent":0,"menu_order":0,"comment_status":"closed","ping_status":"closed","template":"","meta":{"_acf_changed":false,"footnotes":""},"class_list":["post-250","page","type-page","status-publish","has-post-thumbnail","hentry"],"acf":[],"yoast_head":"<!-- This site is optimized with the Yoast SEO plugin v27.5 - https:\/\/yoast.com\/product\/yoast-seo-wordpress\/ -->\n<title>Marinus Broekhuizen - MB Consultancy<\/title>\n<meta name=\"robots\" content=\"index, follow, max-snippet:-1, max-image-preview:large, max-video-preview:-1\" \/>\n<link rel=\"canonical\" href=\"https:\/\/www.mb-consultancy.eu\/de\/marinus-broekhuizen\/\" \/>\n<meta property=\"og:locale\" content=\"de_DE\" \/>\n<meta property=\"og:type\" content=\"article\" \/>\n<meta property=\"og:title\" content=\"Marinus Broekhuizen - MB Consultancy\" \/>\n<meta property=\"og:description\" content=\"Im Jahr 2008 hat Marinus Broekhuizen, Inhaber von MB-Consultancy, den Schritt in seine Arbeit aufgenommen unabh\u00e4ngig weiter zu gehen. Seine Ausbildung (HEAO kommerzielle Wirtschaft) und seine langj\u00e4hrige Erfahrung in den Bereichen Marketing, Vertrieb, Einkauf und Logistik bilden das solide Fundament von MB-Consultancy. Marinus Broekhuizen ist erfahren, flexibel, innovativ und ehrgeizig. Er hat ein strategisches Denken, [&hellip;]\" \/>\n<meta property=\"og:url\" content=\"https:\/\/www.mb-consultancy.eu\/de\/marinus-broekhuizen\/\" \/>\n<meta property=\"og:site_name\" content=\"MB Consultancy\" \/>\n<meta property=\"article:modified_time\" content=\"2019-02-07T15:10:20+00:00\" \/>\n<meta property=\"og:image\" content=\"https:\/\/www.mb-consultancy.eu\/wp-content\/uploads\/2019\/01\/Foto_Linkedin.png\" \/>\n\t<meta property=\"og:image:width\" content=\"250\" \/>\n\t<meta property=\"og:image:height\" content=\"250\" \/>\n\t<meta property=\"og:image:type\" content=\"image\/png\" \/>\n<script type=\"application\/ld+json\" class=\"yoast-schema-graph\">{\"@context\":\"https:\\\/\\\/schema.org\",\"@graph\":[{\"@type\":\"WebPage\",\"@id\":\"https:\\\/\\\/www.mb-consultancy.eu\\\/de\\\/marinus-broekhuizen\\\/\",\"url\":\"https:\\\/\\\/www.mb-consultancy.eu\\\/de\\\/marinus-broekhuizen\\\/\",\"name\":\"Marinus Broekhuizen - MB Consultancy\",\"isPartOf\":{\"@id\":\"https:\\\/\\\/www.mb-consultancy.eu\\\/#website\"},\"primaryImageOfPage\":{\"@id\":\"https:\\\/\\\/www.mb-consultancy.eu\\\/de\\\/marinus-broekhuizen\\\/#primaryimage\"},\"image\":{\"@id\":\"https:\\\/\\\/www.mb-consultancy.eu\\\/de\\\/marinus-broekhuizen\\\/#primaryimage\"},\"thumbnailUrl\":\"https:\\\/\\\/www.mb-consultancy.eu\\\/wp-content\\\/uploads\\\/2019\\\/01\\\/Foto_Linkedin.png\",\"datePublished\":\"2019-01-31T13:50:21+00:00\",\"dateModified\":\"2019-02-07T15:10:20+00:00\",\"breadcrumb\":{\"@id\":\"https:\\\/\\\/www.mb-consultancy.eu\\\/de\\\/marinus-broekhuizen\\\/#breadcrumb\"},\"inLanguage\":\"de\",\"potentialAction\":[{\"@type\":\"ReadAction\",\"target\":[\"https:\\\/\\\/www.mb-consultancy.eu\\\/de\\\/marinus-broekhuizen\\\/\"]}]},{\"@type\":\"ImageObject\",\"inLanguage\":\"de\",\"@id\":\"https:\\\/\\\/www.mb-consultancy.eu\\\/de\\\/marinus-broekhuizen\\\/#primaryimage\",\"url\":\"https:\\\/\\\/www.mb-consultancy.eu\\\/wp-content\\\/uploads\\\/2019\\\/01\\\/Foto_Linkedin.png\",\"contentUrl\":\"https:\\\/\\\/www.mb-consultancy.eu\\\/wp-content\\\/uploads\\\/2019\\\/01\\\/Foto_Linkedin.png\",\"width\":250,\"height\":250},{\"@type\":\"BreadcrumbList\",\"@id\":\"https:\\\/\\\/www.mb-consultancy.eu\\\/de\\\/marinus-broekhuizen\\\/#breadcrumb\",\"itemListElement\":[{\"@type\":\"ListItem\",\"position\":1,\"name\":\"Home\",\"item\":\"https:\\\/\\\/www.mb-consultancy.eu\\\/de\\\/\"},{\"@type\":\"ListItem\",\"position\":2,\"name\":\"Marinus Broekhuizen\"}]},{\"@type\":\"WebSite\",\"@id\":\"https:\\\/\\\/www.mb-consultancy.eu\\\/#website\",\"url\":\"https:\\\/\\\/www.mb-consultancy.eu\\\/\",\"name\":\"MB Consultancy\",\"description\":\"MB Consultancy\",\"potentialAction\":[{\"@type\":\"SearchAction\",\"target\":{\"@type\":\"EntryPoint\",\"urlTemplate\":\"https:\\\/\\\/www.mb-consultancy.eu\\\/?s={search_term_string}\"},\"query-input\":{\"@type\":\"PropertyValueSpecification\",\"valueRequired\":true,\"valueName\":\"search_term_string\"}}],\"inLanguage\":\"de\"}]}<\/script>\n<!-- \/ Yoast SEO plugin. -->","yoast_head_json":{"title":"Marinus Broekhuizen - MB Consultancy","robots":{"index":"index","follow":"follow","max-snippet":"max-snippet:-1","max-image-preview":"max-image-preview:large","max-video-preview":"max-video-preview:-1"},"canonical":"https:\/\/www.mb-consultancy.eu\/de\/marinus-broekhuizen\/","og_locale":"de_DE","og_type":"article","og_title":"Marinus Broekhuizen - MB Consultancy","og_description":"Im Jahr 2008 hat Marinus Broekhuizen, Inhaber von MB-Consultancy, den Schritt in seine Arbeit aufgenommen unabh\u00e4ngig weiter zu gehen. Seine Ausbildung (HEAO kommerzielle Wirtschaft) und seine langj\u00e4hrige Erfahrung in den Bereichen Marketing, Vertrieb, Einkauf und Logistik bilden das solide Fundament von MB-Consultancy. Marinus Broekhuizen ist erfahren, flexibel, innovativ und ehrgeizig. Er hat ein strategisches Denken, [&hellip;]","og_url":"https:\/\/www.mb-consultancy.eu\/de\/marinus-broekhuizen\/","og_site_name":"MB Consultancy","article_modified_time":"2019-02-07T15:10:20+00:00","og_image":[{"width":250,"height":250,"url":"https:\/\/www.mb-consultancy.eu\/wp-content\/uploads\/2019\/01\/Foto_Linkedin.png","type":"image\/png"}],"schema":{"@context":"https:\/\/schema.org","@graph":[{"@type":"WebPage","@id":"https:\/\/www.mb-consultancy.eu\/de\/marinus-broekhuizen\/","url":"https:\/\/www.mb-consultancy.eu\/de\/marinus-broekhuizen\/","name":"Marinus Broekhuizen - MB Consultancy","isPartOf":{"@id":"https:\/\/www.mb-consultancy.eu\/#website"},"primaryImageOfPage":{"@id":"https:\/\/www.mb-consultancy.eu\/de\/marinus-broekhuizen\/#primaryimage"},"image":{"@id":"https:\/\/www.mb-consultancy.eu\/de\/marinus-broekhuizen\/#primaryimage"},"thumbnailUrl":"https:\/\/www.mb-consultancy.eu\/wp-content\/uploads\/2019\/01\/Foto_Linkedin.png","datePublished":"2019-01-31T13:50:21+00:00","dateModified":"2019-02-07T15:10:20+00:00","breadcrumb":{"@id":"https:\/\/www.mb-consultancy.eu\/de\/marinus-broekhuizen\/#breadcrumb"},"inLanguage":"de","potentialAction":[{"@type":"ReadAction","target":["https:\/\/www.mb-consultancy.eu\/de\/marinus-broekhuizen\/"]}]},{"@type":"ImageObject","inLanguage":"de","@id":"https:\/\/www.mb-consultancy.eu\/de\/marinus-broekhuizen\/#primaryimage","url":"https:\/\/www.mb-consultancy.eu\/wp-content\/uploads\/2019\/01\/Foto_Linkedin.png","contentUrl":"https:\/\/www.mb-consultancy.eu\/wp-content\/uploads\/2019\/01\/Foto_Linkedin.png","width":250,"height":250},{"@type":"BreadcrumbList","@id":"https:\/\/www.mb-consultancy.eu\/de\/marinus-broekhuizen\/#breadcrumb","itemListElement":[{"@type":"ListItem","position":1,"name":"Home","item":"https:\/\/www.mb-consultancy.eu\/de\/"},{"@type":"ListItem","position":2,"name":"Marinus Broekhuizen"}]},{"@type":"WebSite","@id":"https:\/\/www.mb-consultancy.eu\/#website","url":"https:\/\/www.mb-consultancy.eu\/","name":"MB Consultancy","description":"MB Consultancy","potentialAction":[{"@type":"SearchAction","target":{"@type":"EntryPoint","urlTemplate":"https:\/\/www.mb-consultancy.eu\/?s={search_term_string}"},"query-input":{"@type":"PropertyValueSpecification","valueRequired":true,"valueName":"search_term_string"}}],"inLanguage":"de"}]}},"_links":{"self":[{"href":"https:\/\/www.mb-consultancy.eu\/de\/wp-json\/wp\/v2\/pages\/250","targetHints":{"allow":["GET"]}}],"collection":[{"href":"https:\/\/www.mb-consultancy.eu\/de\/wp-json\/wp\/v2\/pages"}],"about":[{"href":"https:\/\/www.mb-consultancy.eu\/de\/wp-json\/wp\/v2\/types\/page"}],"author":[{"embeddable":true,"href":"https:\/\/www.mb-consultancy.eu\/de\/wp-json\/wp\/v2\/users\/1"}],"replies":[{"embeddable":true,"href":"https:\/\/www.mb-consultancy.eu\/de\/wp-json\/wp\/v2\/comments?post=250"}],"version-history":[{"count":2,"href":"https:\/\/www.mb-consultancy.eu\/de\/wp-json\/wp\/v2\/pages\/250\/revisions"}],"predecessor-version":[{"id":303,"href":"https:\/\/www.mb-consultancy.eu\/de\/wp-json\/wp\/v2\/pages\/250\/revisions\/303"}],"wp:featuredmedia":[{"embeddable":true,"href":"https:\/\/www.mb-consultancy.eu\/de\/wp-json\/wp\/v2\/media\/278"}],"wp:attachment":[{"href":"https:\/\/www.mb-consultancy.eu\/de\/wp-json\/wp\/v2\/media?parent=250"}],"curies":[{"name":"wp","href":"https:\/\/api.w.org\/{rel}","templated":true}]}}