{"id":252,"date":"2019-01-31T14:50:48","date_gmt":"2019-01-31T13:50:48","guid":{"rendered":"http:\/\/www.mb-consultancy.eu\/?page_id=252"},"modified":"2019-02-07T16:09:18","modified_gmt":"2019-02-07T15:09:18","slug":"dienstleistungen","status":"publish","type":"page","link":"https:\/\/www.mb-consultancy.eu\/de\/dienstleistungen\/","title":{"rendered":"Dienstleistungen"},"content":{"rendered":"\n<p>MB-Consultancy inventarisiert Bed\u00fcrfnisse der Gespr\u00e4chspartner.\nWir beraten bei der Erzeugung und Ausbau des Gesch\u00e4fts mit bestehenden und\nneuen Kunden. Wir unterstutzen Sie bei:<\/p>\n\n\n\n<ul class=\"wp-block-list\"><li>SWOT Analyse<\/li><li> Suchen und bearbeiten von neuen Markten<\/li><li> Einstieg in neue Leitungen<\/li><li> Aufbau von Netzwerken<\/li><li> \u00dcberwachung der Angebote<\/li><li> Pflege guter Beziehungen mit Chancen<\/li><\/ul>\n\n\n\n<p>MB-Consultancy hat eine lange Erfahrung in den gro\u00dfen Metall- und kleinen Metall-Branche. Wir haben Kontakte, die relevant sind im Bereich der:<\/p>\n\n\n\n<ul class=\"wp-block-list\"><li>Gerate (z.B. W\u00e4rmetauscher, Pumpen, Ventile, Kompressoren)<\/li><li> Motoren und Antriebe<\/li><li> Werkzeuge (Rohrwalzen)<\/li><li> Zwischenprodukte (Rohren, Platte, usw.)<\/li><li> Gie\u00dfereien<\/li><li> Maschinenbau<\/li><li> Bauunternehmen (Inspektion und Wartung der Br\u00fccken)<\/li><\/ul>\n\n\n\n<p><\/p>\n","protected":false},"excerpt":{"rendered":"<p>MB-Consultancy inventarisiert Bed\u00fcrfnisse der Gespr\u00e4chspartner. Wir beraten bei der Erzeugung und Ausbau des Gesch\u00e4fts mit bestehenden und neuen Kunden. Wir unterstutzen Sie bei: SWOT Analyse Suchen und bearbeiten von neuen Markten Einstieg in neue Leitungen Aufbau von Netzwerken \u00dcberwachung der Angebote Pflege guter Beziehungen mit Chancen MB-Consultancy hat eine lange Erfahrung in den gro\u00dfen Metall- [&hellip;]<\/p>\n","protected":false},"author":1,"featured_media":0,"parent":0,"menu_order":0,"comment_status":"closed","ping_status":"closed","template":"","meta":{"_acf_changed":false,"footnotes":""},"class_list":["post-252","page","type-page","status-publish","hentry"],"acf":[],"yoast_head":"<!-- This site is optimized with the Yoast SEO plugin v27.5 - https:\/\/yoast.com\/product\/yoast-seo-wordpress\/ -->\n<title>Dienstleistungen - MB Consultancy<\/title>\n<meta name=\"robots\" content=\"index, follow, max-snippet:-1, max-image-preview:large, max-video-preview:-1\" \/>\n<link rel=\"canonical\" href=\"https:\/\/www.mb-consultancy.eu\/de\/dienstleistungen\/\" \/>\n<meta property=\"og:locale\" content=\"de_DE\" \/>\n<meta property=\"og:type\" content=\"article\" \/>\n<meta property=\"og:title\" content=\"Dienstleistungen - MB Consultancy\" \/>\n<meta property=\"og:description\" content=\"MB-Consultancy inventarisiert Bed\u00fcrfnisse der Gespr\u00e4chspartner. Wir beraten bei der Erzeugung und Ausbau des Gesch\u00e4fts mit bestehenden und neuen Kunden. Wir unterstutzen Sie bei: SWOT Analyse Suchen und bearbeiten von neuen Markten Einstieg in neue Leitungen Aufbau von Netzwerken \u00dcberwachung der Angebote Pflege guter Beziehungen mit Chancen MB-Consultancy hat eine lange Erfahrung in den gro\u00dfen Metall- [&hellip;]\" \/>\n<meta property=\"og:url\" content=\"https:\/\/www.mb-consultancy.eu\/de\/dienstleistungen\/\" \/>\n<meta property=\"og:site_name\" content=\"MB Consultancy\" \/>\n<meta property=\"article:modified_time\" content=\"2019-02-07T15:09:18+00:00\" \/>\n<script type=\"application\/ld+json\" class=\"yoast-schema-graph\">{\"@context\":\"https:\\\/\\\/schema.org\",\"@graph\":[{\"@type\":\"WebPage\",\"@id\":\"https:\\\/\\\/www.mb-consultancy.eu\\\/de\\\/dienstleistungen\\\/\",\"url\":\"https:\\\/\\\/www.mb-consultancy.eu\\\/de\\\/dienstleistungen\\\/\",\"name\":\"Dienstleistungen - MB Consultancy\",\"isPartOf\":{\"@id\":\"https:\\\/\\\/www.mb-consultancy.eu\\\/#website\"},\"datePublished\":\"2019-01-31T13:50:48+00:00\",\"dateModified\":\"2019-02-07T15:09:18+00:00\",\"breadcrumb\":{\"@id\":\"https:\\\/\\\/www.mb-consultancy.eu\\\/de\\\/dienstleistungen\\\/#breadcrumb\"},\"inLanguage\":\"de\",\"potentialAction\":[{\"@type\":\"ReadAction\",\"target\":[\"https:\\\/\\\/www.mb-consultancy.eu\\\/de\\\/dienstleistungen\\\/\"]}]},{\"@type\":\"BreadcrumbList\",\"@id\":\"https:\\\/\\\/www.mb-consultancy.eu\\\/de\\\/dienstleistungen\\\/#breadcrumb\",\"itemListElement\":[{\"@type\":\"ListItem\",\"position\":1,\"name\":\"Home\",\"item\":\"https:\\\/\\\/www.mb-consultancy.eu\\\/de\\\/\"},{\"@type\":\"ListItem\",\"position\":2,\"name\":\"Dienstleistungen\"}]},{\"@type\":\"WebSite\",\"@id\":\"https:\\\/\\\/www.mb-consultancy.eu\\\/#website\",\"url\":\"https:\\\/\\\/www.mb-consultancy.eu\\\/\",\"name\":\"MB Consultancy\",\"description\":\"MB Consultancy\",\"potentialAction\":[{\"@type\":\"SearchAction\",\"target\":{\"@type\":\"EntryPoint\",\"urlTemplate\":\"https:\\\/\\\/www.mb-consultancy.eu\\\/?s={search_term_string}\"},\"query-input\":{\"@type\":\"PropertyValueSpecification\",\"valueRequired\":true,\"valueName\":\"search_term_string\"}}],\"inLanguage\":\"de\"}]}<\/script>\n<!-- \/ Yoast SEO plugin. -->","yoast_head_json":{"title":"Dienstleistungen - MB Consultancy","robots":{"index":"index","follow":"follow","max-snippet":"max-snippet:-1","max-image-preview":"max-image-preview:large","max-video-preview":"max-video-preview:-1"},"canonical":"https:\/\/www.mb-consultancy.eu\/de\/dienstleistungen\/","og_locale":"de_DE","og_type":"article","og_title":"Dienstleistungen - MB Consultancy","og_description":"MB-Consultancy inventarisiert Bed\u00fcrfnisse der Gespr\u00e4chspartner. Wir beraten bei der Erzeugung und Ausbau des Gesch\u00e4fts mit bestehenden und neuen Kunden. Wir unterstutzen Sie bei: SWOT Analyse Suchen und bearbeiten von neuen Markten Einstieg in neue Leitungen Aufbau von Netzwerken \u00dcberwachung der Angebote Pflege guter Beziehungen mit Chancen MB-Consultancy hat eine lange Erfahrung in den gro\u00dfen Metall- [&hellip;]","og_url":"https:\/\/www.mb-consultancy.eu\/de\/dienstleistungen\/","og_site_name":"MB Consultancy","article_modified_time":"2019-02-07T15:09:18+00:00","schema":{"@context":"https:\/\/schema.org","@graph":[{"@type":"WebPage","@id":"https:\/\/www.mb-consultancy.eu\/de\/dienstleistungen\/","url":"https:\/\/www.mb-consultancy.eu\/de\/dienstleistungen\/","name":"Dienstleistungen - MB Consultancy","isPartOf":{"@id":"https:\/\/www.mb-consultancy.eu\/#website"},"datePublished":"2019-01-31T13:50:48+00:00","dateModified":"2019-02-07T15:09:18+00:00","breadcrumb":{"@id":"https:\/\/www.mb-consultancy.eu\/de\/dienstleistungen\/#breadcrumb"},"inLanguage":"de","potentialAction":[{"@type":"ReadAction","target":["https:\/\/www.mb-consultancy.eu\/de\/dienstleistungen\/"]}]},{"@type":"BreadcrumbList","@id":"https:\/\/www.mb-consultancy.eu\/de\/dienstleistungen\/#breadcrumb","itemListElement":[{"@type":"ListItem","position":1,"name":"Home","item":"https:\/\/www.mb-consultancy.eu\/de\/"},{"@type":"ListItem","position":2,"name":"Dienstleistungen"}]},{"@type":"WebSite","@id":"https:\/\/www.mb-consultancy.eu\/#website","url":"https:\/\/www.mb-consultancy.eu\/","name":"MB Consultancy","description":"MB Consultancy","potentialAction":[{"@type":"SearchAction","target":{"@type":"EntryPoint","urlTemplate":"https:\/\/www.mb-consultancy.eu\/?s={search_term_string}"},"query-input":{"@type":"PropertyValueSpecification","valueRequired":true,"valueName":"search_term_string"}}],"inLanguage":"de"}]}},"_links":{"self":[{"href":"https:\/\/www.mb-consultancy.eu\/de\/wp-json\/wp\/v2\/pages\/252","targetHints":{"allow":["GET"]}}],"collection":[{"href":"https:\/\/www.mb-consultancy.eu\/de\/wp-json\/wp\/v2\/pages"}],"about":[{"href":"https:\/\/www.mb-consultancy.eu\/de\/wp-json\/wp\/v2\/types\/page"}],"author":[{"embeddable":true,"href":"https:\/\/www.mb-consultancy.eu\/de\/wp-json\/wp\/v2\/users\/1"}],"replies":[{"embeddable":true,"href":"https:\/\/www.mb-consultancy.eu\/de\/wp-json\/wp\/v2\/comments?post=252"}],"version-history":[{"count":3,"href":"https:\/\/www.mb-consultancy.eu\/de\/wp-json\/wp\/v2\/pages\/252\/revisions"}],"predecessor-version":[{"id":301,"href":"https:\/\/www.mb-consultancy.eu\/de\/wp-json\/wp\/v2\/pages\/252\/revisions\/301"}],"wp:attachment":[{"href":"https:\/\/www.mb-consultancy.eu\/de\/wp-json\/wp\/v2\/media?parent=252"}],"curies":[{"name":"wp","href":"https:\/\/api.w.org\/{rel}","templated":true}]}}