{"id":345,"date":"2019-02-22T13:53:41","date_gmt":"2019-02-22T12:53:41","guid":{"rendered":"https:\/\/www.mb-consultancy.eu\/?page_id=345"},"modified":"2019-02-22T13:54:52","modified_gmt":"2019-02-22T12:54:52","slug":"projekte","status":"publish","type":"page","link":"https:\/\/www.mb-consultancy.eu\/de\/projekte\/","title":{"rendered":"Projekte"},"content":{"rendered":"\n<p><strong>Alidor Claeys Zedelgem<br> <\/strong><a href=\"http:\/\/www.al-claeys.be\" target=\"_blank\" rel=\"noreferrer noopener\" aria-label=\" (opent in een nieuwe tab)\">www.al-claeys.be<\/a><br> Hersteller von kleine Gussteilen in lamellar, Sph\u00e4roguss und leichtlegierung Gusseisen Arten in mittleren Serien.<\/p>\n\n\n\n<p><strong>Carregon Piguillet Moordrecht<br> <\/strong><a href=\"http:\/\/www.carreconpiguillet.nl\" target=\"_blank\" rel=\"noreferrer noopener\" aria-label=\" (opent in een nieuwe tab)\">www.carreconpiguillet.nl<\/a><br> Marktf\u00fchrer in der Bereitstellung von qualitativ hochwertigen und chemisch hoch best\u00e4ndige Brennlackierungen f\u00fcr W\u00e4rmetauscher, Rohrleitungen und Ventile.<\/p>\n\n\n\n<p><strong>Machine Fabriek Elburg<br> <\/strong><a href=\"http:\/\/www.machinefabriekelburg.nl\" target=\"_blank\" rel=\"noreferrer noopener\" aria-label=\" (opent in een nieuwe tab)\">www.machinefabriekelburg.nl<\/a><br> Spezialist f\u00fcr die Herstellung und Lieferung von fertig bearbeitete Gussteile, feinmechanischer Dreh- und Fr\u00e4steile und Baugruppen (Modulen).<\/p>\n\n\n\n<p><strong>Non Ferro Gieterij Oldenzaal<br> <\/strong><a href=\"http:\/\/www.nfgo.nl\" target=\"_blank\" rel=\"noreferrer noopener\" aria-label=\" (opent in een nieuwe tab)\">www.nfgo.nl<\/a><br> Produzent von Gussteilen in Bronze, Aluminium Bronze-, Aluminium Legierungen und verschiedene Arten von Edelstahl.<\/p>\n\n\n\n<p><strong>Profins Peterlee<br> <\/strong><a href=\"http:\/\/www.profins.com\" target=\"_blank\" rel=\"noreferrer noopener\" aria-label=\" (opent in een nieuwe tab)\">www.profins.com<\/a><br> Hersteller von gerippte W\u00e4rmeaustauscher Rohre.<\/p>\n\n\n\n<p><strong>TECO Tube Expanders Company Leiderdorp<br> <\/strong><a href=\"http:\/\/www.tecotubeexpanders.com\" target=\"_blank\" rel=\"noreferrer noopener\" aria-label=\" (opent in een nieuwe tab)\">www.tecotubeexpanders.com<\/a><br> Spezialist von Anlagen f\u00fcr den W\u00e4rmetauscherindustrie. Hersteller von TECO &nbsp;Rohrwalzen, Reiniger und Zubeh\u00f6r f\u00fcr Herstellung und Reparatur von Heizkesseln, Kondensatoren und W\u00e4rmeaustauscher.<\/p>\n\n\n\n<p><strong>Vanguard Foundry LTD. Stourbridge<br> <\/strong><a href=\"http:\/\/www.vanguardfoundry.co.uk\" target=\"_blank\" rel=\"noreferrer noopener\" aria-label=\" (opent in een nieuwe tab)\">www.vanguardfoundry.co.uk<\/a><br> Produzent von Gussteilen in Sph\u00e4roguss in kleinen und mittleren Serien.<\/p>\n\n\n<p><!--EndFragment--><br>\n<br>\n<\/p>","protected":false},"excerpt":{"rendered":"<p>Alidor Claeys Zedelgem www.al-claeys.be Hersteller von kleine Gussteilen in lamellar, Sph\u00e4roguss und leichtlegierung Gusseisen Arten in mittleren Serien. Carregon Piguillet Moordrecht www.carreconpiguillet.nl Marktf\u00fchrer in der Bereitstellung von qualitativ hochwertigen und chemisch hoch best\u00e4ndige Brennlackierungen f\u00fcr W\u00e4rmetauscher, Rohrleitungen und Ventile. Machine Fabriek Elburg www.machinefabriekelburg.nl Spezialist f\u00fcr die Herstellung und Lieferung von fertig bearbeitete Gussteile, feinmechanischer Dreh- [&hellip;]<\/p>\n","protected":false},"author":1,"featured_media":0,"parent":0,"menu_order":0,"comment_status":"closed","ping_status":"closed","template":"","meta":{"_acf_changed":false,"footnotes":""},"class_list":["post-345","page","type-page","status-publish","hentry"],"acf":[],"yoast_head":"<!-- This site is optimized with the Yoast SEO plugin v27.5 - https:\/\/yoast.com\/product\/yoast-seo-wordpress\/ -->\n<title>Projekte - MB Consultancy<\/title>\n<meta name=\"robots\" content=\"index, follow, max-snippet:-1, max-image-preview:large, max-video-preview:-1\" \/>\n<link rel=\"canonical\" href=\"https:\/\/www.mb-consultancy.eu\/de\/projekte\/\" \/>\n<meta property=\"og:locale\" content=\"de_DE\" \/>\n<meta property=\"og:type\" content=\"article\" \/>\n<meta property=\"og:title\" content=\"Projekte - MB Consultancy\" \/>\n<meta property=\"og:description\" content=\"Alidor Claeys Zedelgem www.al-claeys.be Hersteller von kleine Gussteilen in lamellar, Sph\u00e4roguss und leichtlegierung Gusseisen Arten in mittleren Serien. Carregon Piguillet Moordrecht www.carreconpiguillet.nl Marktf\u00fchrer in der Bereitstellung von qualitativ hochwertigen und chemisch hoch best\u00e4ndige Brennlackierungen f\u00fcr W\u00e4rmetauscher, Rohrleitungen und Ventile. Machine Fabriek Elburg www.machinefabriekelburg.nl Spezialist f\u00fcr die Herstellung und Lieferung von fertig bearbeitete Gussteile, feinmechanischer Dreh- [&hellip;]\" \/>\n<meta property=\"og:url\" content=\"https:\/\/www.mb-consultancy.eu\/de\/projekte\/\" \/>\n<meta property=\"og:site_name\" content=\"MB Consultancy\" \/>\n<meta property=\"article:modified_time\" content=\"2019-02-22T12:54:52+00:00\" \/>\n<meta name=\"twitter:label1\" content=\"Gesch\u00e4tzte Lesezeit\" \/>\n\t<meta name=\"twitter:data1\" content=\"1\u00a0Minute\" \/>\n<script type=\"application\/ld+json\" class=\"yoast-schema-graph\">{\"@context\":\"https:\\\/\\\/schema.org\",\"@graph\":[{\"@type\":\"WebPage\",\"@id\":\"https:\\\/\\\/www.mb-consultancy.eu\\\/de\\\/projekte\\\/\",\"url\":\"https:\\\/\\\/www.mb-consultancy.eu\\\/de\\\/projekte\\\/\",\"name\":\"Projekte - MB Consultancy\",\"isPartOf\":{\"@id\":\"https:\\\/\\\/www.mb-consultancy.eu\\\/#website\"},\"datePublished\":\"2019-02-22T12:53:41+00:00\",\"dateModified\":\"2019-02-22T12:54:52+00:00\",\"breadcrumb\":{\"@id\":\"https:\\\/\\\/www.mb-consultancy.eu\\\/de\\\/projekte\\\/#breadcrumb\"},\"inLanguage\":\"de\",\"potentialAction\":[{\"@type\":\"ReadAction\",\"target\":[\"https:\\\/\\\/www.mb-consultancy.eu\\\/de\\\/projekte\\\/\"]}]},{\"@type\":\"BreadcrumbList\",\"@id\":\"https:\\\/\\\/www.mb-consultancy.eu\\\/de\\\/projekte\\\/#breadcrumb\",\"itemListElement\":[{\"@type\":\"ListItem\",\"position\":1,\"name\":\"Home\",\"item\":\"https:\\\/\\\/www.mb-consultancy.eu\\\/de\\\/\"},{\"@type\":\"ListItem\",\"position\":2,\"name\":\"Projekte\"}]},{\"@type\":\"WebSite\",\"@id\":\"https:\\\/\\\/www.mb-consultancy.eu\\\/#website\",\"url\":\"https:\\\/\\\/www.mb-consultancy.eu\\\/\",\"name\":\"MB Consultancy\",\"description\":\"MB Consultancy\",\"potentialAction\":[{\"@type\":\"SearchAction\",\"target\":{\"@type\":\"EntryPoint\",\"urlTemplate\":\"https:\\\/\\\/www.mb-consultancy.eu\\\/?s={search_term_string}\"},\"query-input\":{\"@type\":\"PropertyValueSpecification\",\"valueRequired\":true,\"valueName\":\"search_term_string\"}}],\"inLanguage\":\"de\"}]}<\/script>\n<!-- \/ Yoast SEO plugin. -->","yoast_head_json":{"title":"Projekte - MB Consultancy","robots":{"index":"index","follow":"follow","max-snippet":"max-snippet:-1","max-image-preview":"max-image-preview:large","max-video-preview":"max-video-preview:-1"},"canonical":"https:\/\/www.mb-consultancy.eu\/de\/projekte\/","og_locale":"de_DE","og_type":"article","og_title":"Projekte - MB Consultancy","og_description":"Alidor Claeys Zedelgem www.al-claeys.be Hersteller von kleine Gussteilen in lamellar, Sph\u00e4roguss und leichtlegierung Gusseisen Arten in mittleren Serien. Carregon Piguillet Moordrecht www.carreconpiguillet.nl Marktf\u00fchrer in der Bereitstellung von qualitativ hochwertigen und chemisch hoch best\u00e4ndige Brennlackierungen f\u00fcr W\u00e4rmetauscher, Rohrleitungen und Ventile. Machine Fabriek Elburg www.machinefabriekelburg.nl Spezialist f\u00fcr die Herstellung und Lieferung von fertig bearbeitete Gussteile, feinmechanischer Dreh- [&hellip;]","og_url":"https:\/\/www.mb-consultancy.eu\/de\/projekte\/","og_site_name":"MB Consultancy","article_modified_time":"2019-02-22T12:54:52+00:00","twitter_misc":{"Gesch\u00e4tzte Lesezeit":"1\u00a0Minute"},"schema":{"@context":"https:\/\/schema.org","@graph":[{"@type":"WebPage","@id":"https:\/\/www.mb-consultancy.eu\/de\/projekte\/","url":"https:\/\/www.mb-consultancy.eu\/de\/projekte\/","name":"Projekte - MB Consultancy","isPartOf":{"@id":"https:\/\/www.mb-consultancy.eu\/#website"},"datePublished":"2019-02-22T12:53:41+00:00","dateModified":"2019-02-22T12:54:52+00:00","breadcrumb":{"@id":"https:\/\/www.mb-consultancy.eu\/de\/projekte\/#breadcrumb"},"inLanguage":"de","potentialAction":[{"@type":"ReadAction","target":["https:\/\/www.mb-consultancy.eu\/de\/projekte\/"]}]},{"@type":"BreadcrumbList","@id":"https:\/\/www.mb-consultancy.eu\/de\/projekte\/#breadcrumb","itemListElement":[{"@type":"ListItem","position":1,"name":"Home","item":"https:\/\/www.mb-consultancy.eu\/de\/"},{"@type":"ListItem","position":2,"name":"Projekte"}]},{"@type":"WebSite","@id":"https:\/\/www.mb-consultancy.eu\/#website","url":"https:\/\/www.mb-consultancy.eu\/","name":"MB Consultancy","description":"MB Consultancy","potentialAction":[{"@type":"SearchAction","target":{"@type":"EntryPoint","urlTemplate":"https:\/\/www.mb-consultancy.eu\/?s={search_term_string}"},"query-input":{"@type":"PropertyValueSpecification","valueRequired":true,"valueName":"search_term_string"}}],"inLanguage":"de"}]}},"_links":{"self":[{"href":"https:\/\/www.mb-consultancy.eu\/de\/wp-json\/wp\/v2\/pages\/345","targetHints":{"allow":["GET"]}}],"collection":[{"href":"https:\/\/www.mb-consultancy.eu\/de\/wp-json\/wp\/v2\/pages"}],"about":[{"href":"https:\/\/www.mb-consultancy.eu\/de\/wp-json\/wp\/v2\/types\/page"}],"author":[{"embeddable":true,"href":"https:\/\/www.mb-consultancy.eu\/de\/wp-json\/wp\/v2\/users\/1"}],"replies":[{"embeddable":true,"href":"https:\/\/www.mb-consultancy.eu\/de\/wp-json\/wp\/v2\/comments?post=345"}],"version-history":[{"count":2,"href":"https:\/\/www.mb-consultancy.eu\/de\/wp-json\/wp\/v2\/pages\/345\/revisions"}],"predecessor-version":[{"id":349,"href":"https:\/\/www.mb-consultancy.eu\/de\/wp-json\/wp\/v2\/pages\/345\/revisions\/349"}],"wp:attachment":[{"href":"https:\/\/www.mb-consultancy.eu\/de\/wp-json\/wp\/v2\/media?parent=345"}],"curies":[{"name":"wp","href":"https:\/\/api.w.org\/{rel}","templated":true}]}}